{"id":9,"date":"2025-11-28T13:25:24","date_gmt":"2025-11-28T13:25:24","guid":{"rendered":"https:\/\/kocbek.si\/?page_id=9"},"modified":"2026-03-05T15:05:38","modified_gmt":"2026-03-05T14:05:38","slug":"scythe","status":"publish","type":"page","link":"https:\/\/kocbek.si\/en\/kosarica","title":{"rendered":"Basket"},"content":{"rendered":"\t\t<div data-elementor-type=\"wp-page\" data-elementor-id=\"9\" class=\"elementor elementor-9\" data-elementor-post-type=\"page\">\n\t\t\t\t<div class=\"elementor-element elementor-element-29a54818 e-flex e-con-boxed e-con e-parent\" data-id=\"29a54818\" data-element_type=\"container\" data-e-type=\"container\" data-settings=\"{&quot;background_background&quot;:&quot;classic&quot;,&quot;background_motion_fx_motion_fx_scrolling&quot;:&quot;yes&quot;,&quot;background_motion_fx_translateY_effect&quot;:&quot;yes&quot;,&quot;background_motion_fx_translateY_speed&quot;:{&quot;unit&quot;:&quot;px&quot;,&quot;size&quot;:5.5,&quot;sizes&quot;:[]},&quot;background_motion_fx_translateY_direction&quot;:&quot;negative&quot;,&quot;background_motion_fx_blur_effect&quot;:&quot;yes&quot;,&quot;background_motion_fx_blur_direction&quot;:&quot;in-out&quot;,&quot;background_motion_fx_blur_range&quot;:{&quot;unit&quot;:&quot;%&quot;,&quot;size&quot;:&quot;&quot;,&quot;sizes&quot;:{&quot;start&quot;:28,&quot;end&quot;:80}},&quot;background_motion_fx_scale_effect&quot;:&quot;yes&quot;,&quot;background_motion_fx_scale_range&quot;:{&quot;unit&quot;:&quot;%&quot;,&quot;size&quot;:&quot;&quot;,&quot;sizes&quot;:{&quot;start&quot;:41,&quot;end&quot;:80}},&quot;background_motion_fx_translateY_affectedRange&quot;:{&quot;unit&quot;:&quot;%&quot;,&quot;size&quot;:&quot;&quot;,&quot;sizes&quot;:{&quot;start&quot;:0,&quot;end&quot;:100}},&quot;background_motion_fx_blur_level&quot;:{&quot;unit&quot;:&quot;px&quot;,&quot;size&quot;:7,&quot;sizes&quot;:[]},&quot;background_motion_fx_scale_direction&quot;:&quot;out-in&quot;,&quot;background_motion_fx_scale_speed&quot;:{&quot;unit&quot;:&quot;px&quot;,&quot;size&quot;:4,&quot;sizes&quot;:[]},&quot;background_motion_fx_devices&quot;:[&quot;desktop&quot;,&quot;tablet&quot;,&quot;mobile&quot;]}\">\n\t\t\t\t\t<div class=\"e-con-inner\">\n\t\t<div class=\"elementor-element elementor-element-6a4d292e e-con-full e-flex e-con e-child\" data-id=\"6a4d292e\" data-element_type=\"container\" data-e-type=\"container\">\n\t\t\t\t<div class=\"elementor-element elementor-element-aac116f elementor-invisible elementor-widget elementor-widget-heading\" data-id=\"aac116f\" data-element_type=\"widget\" data-e-type=\"widget\" data-settings=\"{&quot;_animation&quot;:&quot;fadeInUp&quot;,&quot;_animation_delay&quot;:100,&quot;_animation_mobile&quot;:&quot;fadeInLeft&quot;}\" data-widget_type=\"heading.default\">\n\t\t\t\t\t<h1 class=\"elementor-heading-title elementor-size-default\">Ko\u0161arica<\/h1>\t\t\t\t<\/div>\n\t\t\t\t<div class=\"elementor-element elementor-element-851d3a6 elementor-widget elementor-widget-woocommerce-etheme_breadcrumb\" data-id=\"851d3a6\" data-element_type=\"widget\" data-e-type=\"widget\" data-widget_type=\"woocommerce-etheme_breadcrumb.default\">\n\t\t\t\t<div class=\"elementor-widget-container\">\n\t\t\t\t\t    <div\n            class=\"page-heading bc-type-left2 bc-effect-none bc-color-dark\"\n\t\t    >\n        <div class=\"container \">\n            <div class=\"row\">\n                <div class=\"col-md-12 a-center\">\n\t\t\t\t\t\n\t\t\t\t\t\t\t\t\t\t\n\t\t\t\t\t\t\t\t\t\t\t\n\t\t\t\t\t\t<nav class=\"woocommerce-breadcrumb\" aria-label=\"Breadcrumb\">\t\t\t\t\t\t\n\t\t\t\t\t\t\t\t\t\t\t\t\t\n\t\t\t\t\t\t\t\t\t\t\t\t\t\t\n\t\t\t\t\t\t\t\t\t\t\t\t\t\t\n\t\t\t\t\t\t\t\t\t\t\t\t\t\t\n\t\t\t\t\t\t\t\t\t\t\t\t\t\t\n\t\t\t\t\t\t\t\t\t\t\t\t\t\n\t\t\t\t\t\t\t\t\t\t\t\t\n\t\t\t\t\t\t<h1 class=\"title\">Home<\/h1>\t\t\t\t\t\t\n\t\t\t\t\t\t<\/nav>\t\t\t\t\t\n\t\t\t\t\t\t\t\t\t\t\n\t\t\t\t\t                <\/div>\n            <\/div>\n        <\/div>\n    <\/div>\n\t\n\t\t\t\t\t<\/div>\n\t\t\t\t<\/div>\n\t\t\t\t<\/div>\n\t\t\t\t\t<\/div>\n\t\t\t\t<\/div>\n\t\t<div class=\"elementor-element elementor-element-57577ae e-con-full e-flex e-con e-parent\" data-id=\"57577ae\" data-element_type=\"container\" data-e-type=\"container\" data-settings=\"{&quot;background_background&quot;:&quot;classic&quot;}\">\n\t\t\t\t<div class=\"elementor-element elementor-element-b2a8b7c elementor-widget elementor-widget-etheme_marquee\" data-id=\"b2a8b7c\" data-element_type=\"widget\" data-e-type=\"widget\" data-settings=\"{&quot;animation_type&quot;:&quot;auto&quot;}\" data-widget_type=\"etheme_marquee.default\">\n\t\t\t\t<div class=\"elementor-widget-container\">\n\t\t\t\t\t        <div class=\"etheme-marquee-wrapper\">\n            <div class=\"etheme-marquee\">\n                \n                <div class=\"etheme-marquee-content\">\n                    <span class=\"etheme-marquee-item\">Oljarna Kocbek<\/span><span class=\"etheme-marquee-item etheme-marquee-item_sep\"><svg aria-hidden=\"true\" class=\"e-font-icon-svg e-fas-seedling\" viewBox=\"0 0 512 512\" xmlns=\"http:\/\/www.w3.org\/2000\/svg\"><path d=\"M64 96H0c0 123.7 100.3 224 224 224v144c0 8.8 7.2 16 16 16h32c8.8 0 16-7.2 16-16V320C288 196.3 187.7 96 64 96zm384-64c-84.2 0-157.4 46.5-195.7 115.2 27.7 30.2 48.2 66.9 59 107.6C424 243.1 512 147.9 512 32h-64z\"><\/path><\/svg><\/span><span class=\"etheme-marquee-item\"><p>Brezpla\u010dna dostava pri nakupu nad 60\u20ac<\/p><\/span><span class=\"etheme-marquee-item etheme-marquee-item_sep\"><svg aria-hidden=\"true\" class=\"e-font-icon-svg e-fas-seedling\" viewBox=\"0 0 512 512\" xmlns=\"http:\/\/www.w3.org\/2000\/svg\"><path d=\"M64 96H0c0 123.7 100.3 224 224 224v144c0 8.8 7.2 16 16 16h32c8.8 0 16-7.2 16-16V320C288 196.3 187.7 96 64 96zm384-64c-84.2 0-157.4 46.5-195.7 115.2 27.7 30.2 48.2 66.9 59 107.6C424 243.1 512 147.9 512 32h-64z\"><\/path><\/svg><\/span><span class=\"etheme-marquee-item\"><p>Da Vam stre\u017eemo odli\u010dnost<\/p><\/span><span class=\"etheme-marquee-item etheme-marquee-item_sep\"><svg aria-hidden=\"true\" class=\"e-font-icon-svg e-fas-seedling\" viewBox=\"0 0 512 512\" xmlns=\"http:\/\/www.w3.org\/2000\/svg\"><path d=\"M64 96H0c0 123.7 100.3 224 224 224v144c0 8.8 7.2 16 16 16h32c8.8 0 16-7.2 16-16V320C288 196.3 187.7 96 64 96zm384-64c-84.2 0-157.4 46.5-195.7 115.2 27.7 30.2 48.2 66.9 59 107.6C424 243.1 512 147.9 512 32h-64z\"><\/path><\/svg><\/span><span class=\"etheme-marquee-item\"><p>Darilni paketi<\/p><\/span><span class=\"etheme-marquee-item etheme-marquee-item_sep\"><svg aria-hidden=\"true\" class=\"e-font-icon-svg e-fas-seedling\" viewBox=\"0 0 512 512\" xmlns=\"http:\/\/www.w3.org\/2000\/svg\"><path d=\"M64 96H0c0 123.7 100.3 224 224 224v144c0 8.8 7.2 16 16 16h32c8.8 0 16-7.2 16-16V320C288 196.3 187.7 96 64 96zm384-64c-84.2 0-157.4 46.5-195.7 115.2 27.7 30.2 48.2 66.9 59 107.6C424 243.1 512 147.9 512 32h-64z\"><\/path><\/svg><\/span><span class=\"etheme-marquee-item\"><p>Bu\u010dna Olja<\/p><\/span><span class=\"etheme-marquee-item etheme-marquee-item_sep\"><svg aria-hidden=\"true\" class=\"e-font-icon-svg e-fas-seedling\" viewBox=\"0 0 512 512\" xmlns=\"http:\/\/www.w3.org\/2000\/svg\"><path d=\"M64 96H0c0 123.7 100.3 224 224 224v144c0 8.8 7.2 16 16 16h32c8.8 0 16-7.2 16-16V320C288 196.3 187.7 96 64 96zm384-64c-84.2 0-157.4 46.5-195.7 115.2 27.7 30.2 48.2 66.9 59 107.6C424 243.1 512 147.9 512 32h-64z\"><\/path><\/svg><\/span><span class=\"etheme-marquee-item\"><p>Bu\u010dna Semena<\/p><\/span><span class=\"etheme-marquee-item etheme-marquee-item_sep\"><svg aria-hidden=\"true\" class=\"e-font-icon-svg e-fas-seedling\" viewBox=\"0 0 512 512\" xmlns=\"http:\/\/www.w3.org\/2000\/svg\"><path d=\"M64 96H0c0 123.7 100.3 224 224 224v144c0 8.8 7.2 16 16 16h32c8.8 0 16-7.2 16-16V320C288 196.3 187.7 96 64 96zm384-64c-84.2 0-157.4 46.5-195.7 115.2 27.7 30.2 48.2 66.9 59 107.6C424 243.1 512 147.9 512 32h-64z\"><\/path><\/svg><\/span>                <\/div>\n                    <div class=\"etheme-marquee-content\" aria-hidden=\"true\">\n                        <span class=\"etheme-marquee-item\">Oljarna Kocbek<\/span><span class=\"etheme-marquee-item etheme-marquee-item_sep\"><svg aria-hidden=\"true\" class=\"e-font-icon-svg e-fas-seedling\" viewBox=\"0 0 512 512\" xmlns=\"http:\/\/www.w3.org\/2000\/svg\"><path d=\"M64 96H0c0 123.7 100.3 224 224 224v144c0 8.8 7.2 16 16 16h32c8.8 0 16-7.2 16-16V320C288 196.3 187.7 96 64 96zm384-64c-84.2 0-157.4 46.5-195.7 115.2 27.7 30.2 48.2 66.9 59 107.6C424 243.1 512 147.9 512 32h-64z\"><\/path><\/svg><\/span><span class=\"etheme-marquee-item\"><p>Brezpla\u010dna dostava pri nakupu nad 60\u20ac<\/p><\/span><span class=\"etheme-marquee-item etheme-marquee-item_sep\"><svg aria-hidden=\"true\" class=\"e-font-icon-svg e-fas-seedling\" viewBox=\"0 0 512 512\" xmlns=\"http:\/\/www.w3.org\/2000\/svg\"><path d=\"M64 96H0c0 123.7 100.3 224 224 224v144c0 8.8 7.2 16 16 16h32c8.8 0 16-7.2 16-16V320C288 196.3 187.7 96 64 96zm384-64c-84.2 0-157.4 46.5-195.7 115.2 27.7 30.2 48.2 66.9 59 107.6C424 243.1 512 147.9 512 32h-64z\"><\/path><\/svg><\/span><span class=\"etheme-marquee-item\"><p>Da Vam stre\u017eemo odli\u010dnost<\/p><\/span><span class=\"etheme-marquee-item etheme-marquee-item_sep\"><svg aria-hidden=\"true\" class=\"e-font-icon-svg e-fas-seedling\" viewBox=\"0 0 512 512\" xmlns=\"http:\/\/www.w3.org\/2000\/svg\"><path d=\"M64 96H0c0 123.7 100.3 224 224 224v144c0 8.8 7.2 16 16 16h32c8.8 0 16-7.2 16-16V320C288 196.3 187.7 96 64 96zm384-64c-84.2 0-157.4 46.5-195.7 115.2 27.7 30.2 48.2 66.9 59 107.6C424 243.1 512 147.9 512 32h-64z\"><\/path><\/svg><\/span><span class=\"etheme-marquee-item\"><p>Darilni paketi<\/p><\/span><span class=\"etheme-marquee-item etheme-marquee-item_sep\"><svg aria-hidden=\"true\" class=\"e-font-icon-svg e-fas-seedling\" viewBox=\"0 0 512 512\" xmlns=\"http:\/\/www.w3.org\/2000\/svg\"><path d=\"M64 96H0c0 123.7 100.3 224 224 224v144c0 8.8 7.2 16 16 16h32c8.8 0 16-7.2 16-16V320C288 196.3 187.7 96 64 96zm384-64c-84.2 0-157.4 46.5-195.7 115.2 27.7 30.2 48.2 66.9 59 107.6C424 243.1 512 147.9 512 32h-64z\"><\/path><\/svg><\/span><span class=\"etheme-marquee-item\"><p>Bu\u010dna Olja<\/p><\/span><span class=\"etheme-marquee-item etheme-marquee-item_sep\"><svg aria-hidden=\"true\" class=\"e-font-icon-svg e-fas-seedling\" viewBox=\"0 0 512 512\" xmlns=\"http:\/\/www.w3.org\/2000\/svg\"><path d=\"M64 96H0c0 123.7 100.3 224 224 224v144c0 8.8 7.2 16 16 16h32c8.8 0 16-7.2 16-16V320C288 196.3 187.7 96 64 96zm384-64c-84.2 0-157.4 46.5-195.7 115.2 27.7 30.2 48.2 66.9 59 107.6C424 243.1 512 147.9 512 32h-64z\"><\/path><\/svg><\/span><span class=\"etheme-marquee-item\"><p>Bu\u010dna Semena<\/p><\/span><span class=\"etheme-marquee-item etheme-marquee-item_sep\"><svg aria-hidden=\"true\" class=\"e-font-icon-svg e-fas-seedling\" viewBox=\"0 0 512 512\" xmlns=\"http:\/\/www.w3.org\/2000\/svg\"><path d=\"M64 96H0c0 123.7 100.3 224 224 224v144c0 8.8 7.2 16 16 16h32c8.8 0 16-7.2 16-16V320C288 196.3 187.7 96 64 96zm384-64c-84.2 0-157.4 46.5-195.7 115.2 27.7 30.2 48.2 66.9 59 107.6C424 243.1 512 147.9 512 32h-64z\"><\/path><\/svg><\/span>                    <\/div>\n            <\/div>\n        <\/div>\n\t\t\t\t\t\t<\/div>\n\t\t\t\t<\/div>\n\t\t\t\t<\/div>\n\t\t<div class=\"elementor-element elementor-element-f2f2fb8 e-flex e-con-boxed e-con e-parent\" data-id=\"f2f2fb8\" data-element_type=\"container\" data-e-type=\"container\" data-settings=\"{&quot;background_background&quot;:&quot;classic&quot;}\">\n\t\t\t\t\t<div class=\"e-con-inner\">\n\t\t\t\t\t<\/div>\n\t\t\t\t<\/div>\n\t\t<div class=\"elementor-element elementor-element-0c2cef8 e-con-full e-flex e-con e-parent\" data-id=\"0c2cef8\" data-element_type=\"container\" data-e-type=\"container\" data-settings=\"{&quot;background_background&quot;:&quot;classic&quot;}\">\n\t\t\t\t<div class=\"elementor-element elementor-element-42435d0c elementor-widget elementor-widget-etheme_marquee\" data-id=\"42435d0c\" data-element_type=\"widget\" data-e-type=\"widget\" data-settings=\"{&quot;animation_type&quot;:&quot;auto&quot;}\" data-widget_type=\"etheme_marquee.default\">\n\t\t\t\t<div class=\"elementor-widget-container\">\n\t\t\t\t\t        <div class=\"etheme-marquee-wrapper\">\n            <div class=\"etheme-marquee\">\n                \n                <div class=\"etheme-marquee-content\">\n                    <span class=\"etheme-marquee-item\">Oljarna Kocbek<\/span><span class=\"etheme-marquee-item etheme-marquee-item_sep\"><svg aria-hidden=\"true\" class=\"e-font-icon-svg e-fas-seedling\" viewBox=\"0 0 512 512\" xmlns=\"http:\/\/www.w3.org\/2000\/svg\"><path d=\"M64 96H0c0 123.7 100.3 224 224 224v144c0 8.8 7.2 16 16 16h32c8.8 0 16-7.2 16-16V320C288 196.3 187.7 96 64 96zm384-64c-84.2 0-157.4 46.5-195.7 115.2 27.7 30.2 48.2 66.9 59 107.6C424 243.1 512 147.9 512 32h-64z\"><\/path><\/svg><\/span><span class=\"etheme-marquee-item\"><p>Brezpla\u010dna dostava pri nakupu nad 60\u20ac<\/p><\/span><span class=\"etheme-marquee-item etheme-marquee-item_sep\"><svg aria-hidden=\"true\" class=\"e-font-icon-svg e-fas-seedling\" viewBox=\"0 0 512 512\" xmlns=\"http:\/\/www.w3.org\/2000\/svg\"><path d=\"M64 96H0c0 123.7 100.3 224 224 224v144c0 8.8 7.2 16 16 16h32c8.8 0 16-7.2 16-16V320C288 196.3 187.7 96 64 96zm384-64c-84.2 0-157.4 46.5-195.7 115.2 27.7 30.2 48.2 66.9 59 107.6C424 243.1 512 147.9 512 32h-64z\"><\/path><\/svg><\/span><span class=\"etheme-marquee-item\"><p>Da Vam stre\u017eemo odli\u010dnost<\/p><\/span><span class=\"etheme-marquee-item etheme-marquee-item_sep\"><svg aria-hidden=\"true\" class=\"e-font-icon-svg e-fas-seedling\" viewBox=\"0 0 512 512\" xmlns=\"http:\/\/www.w3.org\/2000\/svg\"><path d=\"M64 96H0c0 123.7 100.3 224 224 224v144c0 8.8 7.2 16 16 16h32c8.8 0 16-7.2 16-16V320C288 196.3 187.7 96 64 96zm384-64c-84.2 0-157.4 46.5-195.7 115.2 27.7 30.2 48.2 66.9 59 107.6C424 243.1 512 147.9 512 32h-64z\"><\/path><\/svg><\/span><span class=\"etheme-marquee-item\"><p>Darilni paketi<\/p><\/span><span class=\"etheme-marquee-item etheme-marquee-item_sep\"><svg aria-hidden=\"true\" class=\"e-font-icon-svg e-fas-seedling\" viewBox=\"0 0 512 512\" xmlns=\"http:\/\/www.w3.org\/2000\/svg\"><path d=\"M64 96H0c0 123.7 100.3 224 224 224v144c0 8.8 7.2 16 16 16h32c8.8 0 16-7.2 16-16V320C288 196.3 187.7 96 64 96zm384-64c-84.2 0-157.4 46.5-195.7 115.2 27.7 30.2 48.2 66.9 59 107.6C424 243.1 512 147.9 512 32h-64z\"><\/path><\/svg><\/span><span class=\"etheme-marquee-item\"><p>Bu\u010dna Olja<\/p><\/span><span class=\"etheme-marquee-item etheme-marquee-item_sep\"><svg aria-hidden=\"true\" class=\"e-font-icon-svg e-fas-seedling\" viewBox=\"0 0 512 512\" xmlns=\"http:\/\/www.w3.org\/2000\/svg\"><path d=\"M64 96H0c0 123.7 100.3 224 224 224v144c0 8.8 7.2 16 16 16h32c8.8 0 16-7.2 16-16V320C288 196.3 187.7 96 64 96zm384-64c-84.2 0-157.4 46.5-195.7 115.2 27.7 30.2 48.2 66.9 59 107.6C424 243.1 512 147.9 512 32h-64z\"><\/path><\/svg><\/span><span class=\"etheme-marquee-item\"><p>Bu\u010dna Semena<\/p><\/span><span class=\"etheme-marquee-item etheme-marquee-item_sep\"><svg aria-hidden=\"true\" class=\"e-font-icon-svg e-fas-seedling\" viewBox=\"0 0 512 512\" xmlns=\"http:\/\/www.w3.org\/2000\/svg\"><path d=\"M64 96H0c0 123.7 100.3 224 224 224v144c0 8.8 7.2 16 16 16h32c8.8 0 16-7.2 16-16V320C288 196.3 187.7 96 64 96zm384-64c-84.2 0-157.4 46.5-195.7 115.2 27.7 30.2 48.2 66.9 59 107.6C424 243.1 512 147.9 512 32h-64z\"><\/path><\/svg><\/span>                <\/div>\n                    <div class=\"etheme-marquee-content\" aria-hidden=\"true\">\n                        <span class=\"etheme-marquee-item\">Oljarna Kocbek<\/span><span class=\"etheme-marquee-item etheme-marquee-item_sep\"><svg aria-hidden=\"true\" class=\"e-font-icon-svg e-fas-seedling\" viewBox=\"0 0 512 512\" xmlns=\"http:\/\/www.w3.org\/2000\/svg\"><path d=\"M64 96H0c0 123.7 100.3 224 224 224v144c0 8.8 7.2 16 16 16h32c8.8 0 16-7.2 16-16V320C288 196.3 187.7 96 64 96zm384-64c-84.2 0-157.4 46.5-195.7 115.2 27.7 30.2 48.2 66.9 59 107.6C424 243.1 512 147.9 512 32h-64z\"><\/path><\/svg><\/span><span class=\"etheme-marquee-item\"><p>Brezpla\u010dna dostava pri nakupu nad 60\u20ac<\/p><\/span><span class=\"etheme-marquee-item etheme-marquee-item_sep\"><svg aria-hidden=\"true\" class=\"e-font-icon-svg e-fas-seedling\" viewBox=\"0 0 512 512\" xmlns=\"http:\/\/www.w3.org\/2000\/svg\"><path d=\"M64 96H0c0 123.7 100.3 224 224 224v144c0 8.8 7.2 16 16 16h32c8.8 0 16-7.2 16-16V320C288 196.3 187.7 96 64 96zm384-64c-84.2 0-157.4 46.5-195.7 115.2 27.7 30.2 48.2 66.9 59 107.6C424 243.1 512 147.9 512 32h-64z\"><\/path><\/svg><\/span><span class=\"etheme-marquee-item\"><p>Da Vam stre\u017eemo odli\u010dnost<\/p><\/span><span class=\"etheme-marquee-item etheme-marquee-item_sep\"><svg aria-hidden=\"true\" class=\"e-font-icon-svg e-fas-seedling\" viewBox=\"0 0 512 512\" xmlns=\"http:\/\/www.w3.org\/2000\/svg\"><path d=\"M64 96H0c0 123.7 100.3 224 224 224v144c0 8.8 7.2 16 16 16h32c8.8 0 16-7.2 16-16V320C288 196.3 187.7 96 64 96zm384-64c-84.2 0-157.4 46.5-195.7 115.2 27.7 30.2 48.2 66.9 59 107.6C424 243.1 512 147.9 512 32h-64z\"><\/path><\/svg><\/span><span class=\"etheme-marquee-item\"><p>Darilni paketi<\/p><\/span><span class=\"etheme-marquee-item etheme-marquee-item_sep\"><svg aria-hidden=\"true\" class=\"e-font-icon-svg e-fas-seedling\" viewBox=\"0 0 512 512\" xmlns=\"http:\/\/www.w3.org\/2000\/svg\"><path d=\"M64 96H0c0 123.7 100.3 224 224 224v144c0 8.8 7.2 16 16 16h32c8.8 0 16-7.2 16-16V320C288 196.3 187.7 96 64 96zm384-64c-84.2 0-157.4 46.5-195.7 115.2 27.7 30.2 48.2 66.9 59 107.6C424 243.1 512 147.9 512 32h-64z\"><\/path><\/svg><\/span><span class=\"etheme-marquee-item\"><p>Bu\u010dna Olja<\/p><\/span><span class=\"etheme-marquee-item etheme-marquee-item_sep\"><svg aria-hidden=\"true\" class=\"e-font-icon-svg e-fas-seedling\" viewBox=\"0 0 512 512\" xmlns=\"http:\/\/www.w3.org\/2000\/svg\"><path d=\"M64 96H0c0 123.7 100.3 224 224 224v144c0 8.8 7.2 16 16 16h32c8.8 0 16-7.2 16-16V320C288 196.3 187.7 96 64 96zm384-64c-84.2 0-157.4 46.5-195.7 115.2 27.7 30.2 48.2 66.9 59 107.6C424 243.1 512 147.9 512 32h-64z\"><\/path><\/svg><\/span><span class=\"etheme-marquee-item\"><p>Bu\u010dna Semena<\/p><\/span><span class=\"etheme-marquee-item etheme-marquee-item_sep\"><svg aria-hidden=\"true\" class=\"e-font-icon-svg e-fas-seedling\" viewBox=\"0 0 512 512\" xmlns=\"http:\/\/www.w3.org\/2000\/svg\"><path d=\"M64 96H0c0 123.7 100.3 224 224 224v144c0 8.8 7.2 16 16 16h32c8.8 0 16-7.2 16-16V320C288 196.3 187.7 96 64 96zm384-64c-84.2 0-157.4 46.5-195.7 115.2 27.7 30.2 48.2 66.9 59 107.6C424 243.1 512 147.9 512 32h-64z\"><\/path><\/svg><\/span>                    <\/div>\n            <\/div>\n        <\/div>\n\t\t\t\t\t\t<\/div>\n\t\t\t\t<\/div>\n\t\t\t\t<\/div>\n\t\t\t\t<\/div>\n\t\t","protected":false},"excerpt":{"rendered":"<p>Ko\u0161arica Domov Brezpla\u010dna dostava pri nakupu nad 60\u20ac Da Vam stre\u017eemo odli\u010dnost Darilni paketi Bu\u010dna Olja Bu\u010dna Semena Brezpla\u010dna dostava pri nakupu nad 60\u20ac Da&#8230;<\/p>","protected":false},"author":1,"featured_media":0,"parent":0,"menu_order":0,"comment_status":"closed","ping_status":"closed","template":"elementor_header_footer","meta":{"ngg_post_thumbnail":0,"footnotes":""},"class_list":["post-9","page","type-page","status-publish","hentry"],"yoast_head":"<!-- This site is optimized with the Yoast SEO plugin v27.4 - https:\/\/yoast.com\/product\/yoast-seo-wordpress\/ -->\n<title>Ko\u0161arica - Oljarna Kocbek<\/title>\n<meta name=\"robots\" content=\"index, follow, max-snippet:-1, max-image-preview:large, max-video-preview:-1\" \/>\n<link rel=\"canonical\" href=\"https:\/\/kocbek.si\/en\/scythe\/\" \/>\n<meta property=\"og:locale\" content=\"en_US\" \/>\n<meta property=\"og:type\" content=\"article\" \/>\n<meta property=\"og:title\" content=\"Ko\u0161arica - Oljarna Kocbek\" \/>\n<meta property=\"og:description\" content=\"Ko\u0161arica Domov Brezpla\u010dna dostava pri nakupu nad 60\u20ac Da Vam stre\u017eemo odli\u010dnost Darilni paketi Bu\u010dna Olja Bu\u010dna Semena Brezpla\u010dna dostava pri nakupu nad 60\u20ac Da...\" \/>\n<meta property=\"og:url\" content=\"https:\/\/kocbek.si\/en\/scythe\/\" \/>\n<meta property=\"og:site_name\" content=\"Oljarna Kocbek\" \/>\n<meta property=\"article:publisher\" content=\"https:\/\/www.facebook.com\/kocbek1929\/\" \/>\n<meta property=\"article:modified_time\" content=\"2026-03-05T14:05:38+00:00\" \/>\n<meta property=\"og:image\" content=\"https:\/\/kocbek.si\/wp-content\/uploads\/2025\/12\/cokolada-kocbek-ekstra-bela-2-300x300.jpg\" \/>\n<meta name=\"twitter:card\" content=\"summary_large_image\" \/>\n<meta name=\"twitter:label1\" content=\"Est. reading time\" \/>\n\t<meta name=\"twitter:data1\" content=\"1 minute\" \/>\n<script type=\"application\/ld+json\" class=\"yoast-schema-graph\">{\"@context\":\"https:\\\/\\\/schema.org\",\"@graph\":[{\"@type\":\"WebPage\",\"@id\":\"https:\\\/\\\/kocbek.si\\\/kosarica\",\"url\":\"https:\\\/\\\/kocbek.si\\\/kosarica\",\"name\":\"Ko\u0161arica - Oljarna Kocbek\",\"isPartOf\":{\"@id\":\"https:\\\/\\\/kocbek.si\\\/#website\"},\"primaryImageOfPage\":{\"@id\":\"https:\\\/\\\/kocbek.si\\\/kosarica#primaryimage\"},\"image\":{\"@id\":\"https:\\\/\\\/kocbek.si\\\/kosarica#primaryimage\"},\"thumbnailUrl\":\"https:\\\/\\\/kocbek.si\\\/wp-content\\\/uploads\\\/2025\\\/12\\\/cokolada-kocbek-ekstra-bela-2-300x300.jpg\",\"datePublished\":\"2025-11-28T13:25:24+00:00\",\"dateModified\":\"2026-03-05T14:05:38+00:00\",\"breadcrumb\":{\"@id\":\"https:\\\/\\\/kocbek.si\\\/kosarica#breadcrumb\"},\"inLanguage\":\"en-US\",\"potentialAction\":[{\"@type\":\"ReadAction\",\"target\":[\"https:\\\/\\\/kocbek.si\\\/kosarica\"]}]},{\"@type\":\"ImageObject\",\"inLanguage\":\"en-US\",\"@id\":\"https:\\\/\\\/kocbek.si\\\/kosarica#primaryimage\",\"url\":\"https:\\\/\\\/kocbek.si\\\/wp-content\\\/uploads\\\/2025\\\/12\\\/cokolada-kocbek-ekstra-bela-2-300x300.jpg\",\"contentUrl\":\"https:\\\/\\\/kocbek.si\\\/wp-content\\\/uploads\\\/2025\\\/12\\\/cokolada-kocbek-ekstra-bela-2-300x300.jpg\"},{\"@type\":\"BreadcrumbList\",\"@id\":\"https:\\\/\\\/kocbek.si\\\/kosarica#breadcrumb\",\"itemListElement\":[{\"@type\":\"ListItem\",\"position\":1,\"name\":\"Home\",\"item\":\"https:\\\/\\\/kocbek.si\\\/\"},{\"@type\":\"ListItem\",\"position\":2,\"name\":\"Ko\u0161arica\"}]},{\"@type\":\"WebSite\",\"@id\":\"https:\\\/\\\/kocbek.si\\\/#website\",\"url\":\"https:\\\/\\\/kocbek.si\\\/\",\"name\":\"Oljarna Kocbek\",\"description\":\"\",\"publisher\":{\"@id\":\"https:\\\/\\\/kocbek.si\\\/#organization\"},\"potentialAction\":[{\"@type\":\"SearchAction\",\"target\":{\"@type\":\"EntryPoint\",\"urlTemplate\":\"https:\\\/\\\/kocbek.si\\\/?s={search_term_string}\"},\"query-input\":{\"@type\":\"PropertyValueSpecification\",\"valueRequired\":true,\"valueName\":\"search_term_string\"}}],\"inLanguage\":\"en-US\"},{\"@type\":\"Organization\",\"@id\":\"https:\\\/\\\/kocbek.si\\\/#organization\",\"name\":\"Oljarna Kocbek\",\"url\":\"https:\\\/\\\/kocbek.si\\\/\",\"logo\":{\"@type\":\"ImageObject\",\"inLanguage\":\"en-US\",\"@id\":\"https:\\\/\\\/kocbek.si\\\/#\\\/schema\\\/logo\\\/image\\\/\",\"url\":\"https:\\\/\\\/kocbek.si\\\/wp-content\\\/uploads\\\/2025\\\/12\\\/logotip-kocbek-clack-e1765974834361.png\",\"contentUrl\":\"https:\\\/\\\/kocbek.si\\\/wp-content\\\/uploads\\\/2025\\\/12\\\/logotip-kocbek-clack-e1765974834361.png\",\"width\":240,\"height\":72,\"caption\":\"Oljarna Kocbek\"},\"image\":{\"@id\":\"https:\\\/\\\/kocbek.si\\\/#\\\/schema\\\/logo\\\/image\\\/\"},\"sameAs\":[\"https:\\\/\\\/www.facebook.com\\\/kocbek1929\\\/\"]}]}<\/script>\n<!-- \/ Yoast SEO plugin. -->","yoast_head_json":{"title":"Basket - Oljarna Kocbek","robots":{"index":"index","follow":"follow","max-snippet":"max-snippet:-1","max-image-preview":"max-image-preview:large","max-video-preview":"max-video-preview:-1"},"canonical":"https:\/\/kocbek.si\/en\/scythe\/","og_locale":"en_US","og_type":"article","og_title":"Ko\u0161arica - Oljarna Kocbek","og_description":"Ko\u0161arica Domov Brezpla\u010dna dostava pri nakupu nad 60\u20ac Da Vam stre\u017eemo odli\u010dnost Darilni paketi Bu\u010dna Olja Bu\u010dna Semena Brezpla\u010dna dostava pri nakupu nad 60\u20ac Da...","og_url":"https:\/\/kocbek.si\/en\/scythe\/","og_site_name":"Oljarna Kocbek","article_publisher":"https:\/\/www.facebook.com\/kocbek1929\/","article_modified_time":"2026-03-05T14:05:38+00:00","og_image":[{"url":"https:\/\/kocbek.si\/wp-content\/uploads\/2025\/12\/cokolada-kocbek-ekstra-bela-2-300x300.jpg","type":"","width":"","height":""}],"twitter_card":"summary_large_image","twitter_misc":{"Est. reading time":"1 minute"},"schema":{"@context":"https:\/\/schema.org","@graph":[{"@type":"WebPage","@id":"https:\/\/kocbek.si\/kosarica","url":"https:\/\/kocbek.si\/kosarica","name":"Basket - Oljarna Kocbek","isPartOf":{"@id":"https:\/\/kocbek.si\/#website"},"primaryImageOfPage":{"@id":"https:\/\/kocbek.si\/kosarica#primaryimage"},"image":{"@id":"https:\/\/kocbek.si\/kosarica#primaryimage"},"thumbnailUrl":"https:\/\/kocbek.si\/wp-content\/uploads\/2025\/12\/cokolada-kocbek-ekstra-bela-2-300x300.jpg","datePublished":"2025-11-28T13:25:24+00:00","dateModified":"2026-03-05T14:05:38+00:00","breadcrumb":{"@id":"https:\/\/kocbek.si\/kosarica#breadcrumb"},"inLanguage":"en-US","potentialAction":[{"@type":"ReadAction","target":["https:\/\/kocbek.si\/kosarica"]}]},{"@type":"ImageObject","inLanguage":"en-US","@id":"https:\/\/kocbek.si\/kosarica#primaryimage","url":"https:\/\/kocbek.si\/wp-content\/uploads\/2025\/12\/cokolada-kocbek-ekstra-bela-2-300x300.jpg","contentUrl":"https:\/\/kocbek.si\/wp-content\/uploads\/2025\/12\/cokolada-kocbek-ekstra-bela-2-300x300.jpg"},{"@type":"BreadcrumbList","@id":"https:\/\/kocbek.si\/kosarica#breadcrumb","itemListElement":[{"@type":"ListItem","position":1,"name":"Home","item":"https:\/\/kocbek.si\/"},{"@type":"ListItem","position":2,"name":"Ko\u0161arica"}]},{"@type":"WebSite","@id":"https:\/\/kocbek.si\/#website","url":"https:\/\/kocbek.si\/","name":"Kocbek Oil Mill","description":"","publisher":{"@id":"https:\/\/kocbek.si\/#organization"},"potentialAction":[{"@type":"SearchAction","target":{"@type":"EntryPoint","urlTemplate":"https:\/\/kocbek.si\/?s={search_term_string}"},"query-input":{"@type":"PropertyValueSpecification","valueRequired":true,"valueName":"search_term_string"}}],"inLanguage":"en-US"},{"@type":"Organization","@id":"https:\/\/kocbek.si\/#organization","name":"Kocbek Oil Mill","url":"https:\/\/kocbek.si\/","logo":{"@type":"ImageObject","inLanguage":"en-US","@id":"https:\/\/kocbek.si\/#\/schema\/logo\/image\/","url":"https:\/\/kocbek.si\/wp-content\/uploads\/2025\/12\/logotip-kocbek-clack-e1765974834361.png","contentUrl":"https:\/\/kocbek.si\/wp-content\/uploads\/2025\/12\/logotip-kocbek-clack-e1765974834361.png","width":240,"height":72,"caption":"Oljarna Kocbek"},"image":{"@id":"https:\/\/kocbek.si\/#\/schema\/logo\/image\/"},"sameAs":["https:\/\/www.facebook.com\/kocbek1929\/"]}]}},"_links":{"self":[{"href":"https:\/\/kocbek.si\/en\/wp-json\/wp\/v2\/pages\/9","targetHints":{"allow":["GET"]}}],"collection":[{"href":"https:\/\/kocbek.si\/en\/wp-json\/wp\/v2\/pages"}],"about":[{"href":"https:\/\/kocbek.si\/en\/wp-json\/wp\/v2\/types\/page"}],"author":[{"embeddable":true,"href":"https:\/\/kocbek.si\/en\/wp-json\/wp\/v2\/users\/1"}],"replies":[{"embeddable":true,"href":"https:\/\/kocbek.si\/en\/wp-json\/wp\/v2\/comments?post=9"}],"version-history":[{"count":14,"href":"https:\/\/kocbek.si\/en\/wp-json\/wp\/v2\/pages\/9\/revisions"}],"predecessor-version":[{"id":15919,"href":"https:\/\/kocbek.si\/en\/wp-json\/wp\/v2\/pages\/9\/revisions\/15919"}],"wp:attachment":[{"href":"https:\/\/kocbek.si\/en\/wp-json\/wp\/v2\/media?parent=9"}],"curies":[{"name":"wp","href":"https:\/\/api.w.org\/{rel}","templated":true}]}}