{"id":9348,"date":"2025-12-19T23:22:53","date_gmt":"2025-12-19T23:22:53","guid":{"rendered":"https:\/\/kocbek.si\/?page_id=9348"},"modified":"2026-02-17T18:39:19","modified_gmt":"2026-02-17T18:39:19","slug":"about-butches","status":"publish","type":"page","link":"https:\/\/kocbek.si\/en\/o-bucah","title":{"rendered":"About Pumpkins"},"content":{"rendered":"\t\t<div data-elementor-type=\"wp-page\" data-elementor-id=\"9348\" class=\"elementor elementor-9348\" data-elementor-post-type=\"page\">\n\t\t\t\t<div class=\"elementor-element elementor-element-64dec3ad e-flex e-con-boxed e-con e-parent\" data-id=\"64dec3ad\" data-element_type=\"container\" data-e-type=\"container\" data-settings=\"{&quot;background_background&quot;:&quot;classic&quot;,&quot;background_motion_fx_motion_fx_scrolling&quot;:&quot;yes&quot;,&quot;background_motion_fx_blur_level&quot;:{&quot;unit&quot;:&quot;px&quot;,&quot;size&quot;:15,&quot;sizes&quot;:[]},&quot;background_motion_fx_blur_range&quot;:{&quot;unit&quot;:&quot;%&quot;,&quot;size&quot;:&quot;&quot;,&quot;sizes&quot;:{&quot;start&quot;:28,&quot;end&quot;:100}},&quot;background_motion_fx_blur_effect&quot;:&quot;yes&quot;,&quot;background_motion_fx_blur_direction&quot;:&quot;in-out&quot;,&quot;background_motion_fx_scale_effect&quot;:&quot;yes&quot;,&quot;background_motion_fx_scale_speed&quot;:{&quot;unit&quot;:&quot;px&quot;,&quot;size&quot;:2,&quot;sizes&quot;:[]},&quot;background_motion_fx_devices&quot;:[&quot;desktop&quot;],&quot;motion_fx_motion_fx_scrolling&quot;:&quot;yes&quot;,&quot;background_motion_fx_scale_direction&quot;:&quot;out-in&quot;,&quot;background_motion_fx_scale_range&quot;:{&quot;unit&quot;:&quot;%&quot;,&quot;size&quot;:&quot;&quot;,&quot;sizes&quot;:{&quot;start&quot;:20,&quot;end&quot;:80}},&quot;motion_fx_devices&quot;:[&quot;desktop&quot;,&quot;tablet&quot;,&quot;mobile&quot;]}\">\n\t\t\t\t\t<div class=\"e-con-inner\">\n\t\t<div class=\"elementor-element elementor-element-5565b359 e-con-full e-flex e-con e-child\" data-id=\"5565b359\" data-element_type=\"container\" data-e-type=\"container\">\n\t\t\t\t<div class=\"elementor-element elementor-element-7b1c4f58 elementor-widget elementor-widget-heading\" data-id=\"7b1c4f58\" data-element_type=\"widget\" data-e-type=\"widget\" data-widget_type=\"heading.default\">\n\t\t\t\t\t<h2 class=\"elementor-heading-title elementor-size-default\">Oljarna Kocbek<\/h2>\t\t\t\t<\/div>\n\t\t\t\t<\/div>\n\t\t<div class=\"elementor-element elementor-element-1c3dc360 e-con-full e-flex e-con e-child\" data-id=\"1c3dc360\" data-element_type=\"container\" data-e-type=\"container\">\n\t\t\t\t<div class=\"elementor-element elementor-element-af3442d elementor-invisible elementor-widget elementor-widget-heading\" data-id=\"af3442d\" data-element_type=\"widget\" data-e-type=\"widget\" data-settings=\"{&quot;_animation&quot;:&quot;fadeInUp&quot;,&quot;_animation_delay&quot;:100}\" data-widget_type=\"heading.default\">\n\t\t\t\t\t<h1 class=\"elementor-heading-title elementor-size-default\">Vse o na\u0161ih<\/h1>\t\t\t\t<\/div>\n\t\t\t\t<\/div>\n\t\t<div class=\"elementor-element elementor-element-1ea809e1 e-con-full e-flex e-con e-child\" data-id=\"1ea809e1\" data-element_type=\"container\" data-e-type=\"container\">\n\t\t\t\t<div class=\"elementor-element elementor-element-27292f44 elementor-invisible elementor-widget elementor-widget-heading\" data-id=\"27292f44\" data-element_type=\"widget\" data-e-type=\"widget\" data-settings=\"{&quot;_animation&quot;:&quot;fadeInUp&quot;,&quot;_animation_delay&quot;:100}\" data-widget_type=\"heading.default\">\n\t\t\t\t\t<h1 class=\"elementor-heading-title elementor-size-default\">bu\u010dah Kocbek<\/h1>\t\t\t\t<\/div>\n\t\t\t\t<\/div>\n\t\t\t\t<div class=\"elementor-element elementor-element-1df75fa elementor-widget elementor-widget-woocommerce-etheme_breadcrumb\" data-id=\"1df75fa\" data-element_type=\"widget\" data-e-type=\"widget\" data-widget_type=\"woocommerce-etheme_breadcrumb.default\">\n\t\t\t\t<div class=\"elementor-widget-container\">\n\t\t\t\t\t    <div\n            class=\"page-heading bc-type-left2 bc-effect-none bc-color-dark\"\n\t\t    >\n        <div class=\"container \">\n            <div class=\"row\">\n                <div class=\"col-md-12 a-center\">\n\t\t\t\t\t\n\t\t\t\t\t\t\t\t\t\t\n\t\t\t\t\t\t\t\t\t\t\t\n\t\t\t\t\t\t<nav class=\"woocommerce-breadcrumb\" aria-label=\"Breadcrumb\">\t\t\t\t\t\t\n\t\t\t\t\t\t\t\t\t\t\t\t\t\n\t\t\t\t\t\t\t\t\t\t\t\t\t\t\n\t\t\t\t\t\t\t\t\t\t\t\t\t\t\n\t\t\t\t\t\t\t\t\t\t\t\t\t\t\n\t\t\t\t\t\t\t\t\t\t\t\t\t\t\n\t\t\t\t\t\t\t\t\t\t\t\t\t\n\t\t\t\t\t\t\t\t\t\t\t\t\n\t\t\t\t\t\t<h1 class=\"title\">Home<\/h1>\t\t\t\t\t\t\n\t\t\t\t\t\t<\/nav>\t\t\t\t\t\n\t\t\t\t\t\t\t\t\t\t\n\t\t\t\t\t                <\/div>\n            <\/div>\n        <\/div>\n    <\/div>\n\t\n\t\t\t\t\t<\/div>\n\t\t\t\t<\/div>\n\t\t\t\t\t<\/div>\n\t\t\t\t<\/div>\n\t\t<div class=\"elementor-element elementor-element-6dc52b3 e-con-full e-flex e-con e-parent\" data-id=\"6dc52b3\" data-element_type=\"container\" data-e-type=\"container\" data-settings=\"{&quot;background_background&quot;:&quot;classic&quot;}\">\n\t\t<div class=\"elementor-element elementor-element-1145a75 e-con-full e-flex e-con e-child\" data-id=\"1145a75\" data-element_type=\"container\" data-e-type=\"container\" data-settings=\"{&quot;background_background&quot;:&quot;classic&quot;}\">\n\t\t\t\t<div class=\"elementor-element elementor-element-c97cf77 elementor-widget elementor-widget-heading\" data-id=\"c97cf77\" data-element_type=\"widget\" data-e-type=\"widget\" data-widget_type=\"heading.default\">\n\t\t\t\t\t<p class=\"elementor-heading-title elementor-size-default\">Oljarna Kocbek<\/p>\t\t\t\t<\/div>\n\t\t\t\t<div class=\"elementor-element elementor-element-e8155e6 animated-slow elementor-invisible elementor-widget elementor-widget-heading\" data-id=\"e8155e6\" data-element_type=\"widget\" data-e-type=\"widget\" data-settings=\"{&quot;_animation&quot;:&quot;fadeInDown&quot;}\" data-widget_type=\"heading.default\">\n\t\t\t\t\t<h2 class=\"elementor-heading-title elementor-size-default\">Bu\u010de skozi zgodovino<\/h2>\t\t\t\t<\/div>\n\t\t\t\t<div class=\"elementor-element elementor-element-bd3398c elementor-widget elementor-widget-text-editor\" data-id=\"bd3398c\" data-element_type=\"widget\" data-e-type=\"widget\" data-widget_type=\"text-editor.default\">\n\t\t\t\t\t\t\t\t\t<p>Ljudje \u017ee ve\u010d stoletij vzgajamo vedno nove vrste, njihovo <b>zdravilnost <\/b>in <b>kulinari\u010dno raznovrstnost<\/b> pa smo odkrili \u0161ele v zadnjih desetletjih. V majhnih zelenkastih semenih namre\u010d ti\u010di <b>cel kup hranilnih snovi<\/b>, ki so nujno potrebne \u010dlove\u0161kemu telesu. Telo krepijo, mu dajejo energijo, poleg tega pa s svojimi hranilnimi snovmi pripomorejo k zdravju ali <b>ga ohranjajo<\/b>.<\/p>\t\t\t\t\t\t\t\t<\/div>\n\t\t\t\t<div class=\"elementor-element elementor-element-5febb0f elementor-align-left elementor-invisible elementor-widget elementor-widget-button\" data-id=\"5febb0f\" data-element_type=\"widget\" data-e-type=\"widget\" data-settings=\"{&quot;_animation&quot;:&quot;fadeIn&quot;,&quot;_animation_delay&quot;:200}\" data-widget_type=\"button.default\">\n\t\t\t\t\t\t\t\t\t\t<a class=\"elementor-button elementor-button-link elementor-size-md\" href=\"https:\/\/kocbek.si\/shop\/\">\n\t\t\t\t\t\t<span class=\"elementor-button-content-wrapper\">\n\t\t\t\t\t\t\t\t\t<span class=\"elementor-button-text\">Poglej izdelke<\/span>\n\t\t\t\t\t<\/span>\n\t\t\t\t\t<\/a>\n\t\t\t\t\t\t\t\t<\/div>\n\t\t\t\t<\/div>\n\t\t<div class=\"elementor-element elementor-element-e82e70f e-con-full e-flex e-con e-child\" data-id=\"e82e70f\" data-element_type=\"container\" data-e-type=\"container\" data-settings=\"{&quot;background_background&quot;:&quot;classic&quot;}\">\n\t\t\t\t<div class=\"elementor-element elementor-element-bf6399f etheme-elementor-widget-loaded elementor-widget elementor-widget-image\" data-id=\"bf6399f\" data-element_type=\"widget\" data-e-type=\"widget\" data-settings=\"{&quot;motion_fx_motion_fx_scrolling&quot;:&quot;yes&quot;,&quot;motion_fx_translateY_effect&quot;:&quot;yes&quot;,&quot;motion_fx_translateY_speed&quot;:{&quot;unit&quot;:&quot;px&quot;,&quot;size&quot;:4,&quot;sizes&quot;:[]},&quot;motion_fx_translateY_affectedRange&quot;:{&quot;unit&quot;:&quot;%&quot;,&quot;size&quot;:&quot;&quot;,&quot;sizes&quot;:{&quot;start&quot;:0,&quot;end&quot;:100}},&quot;motion_fx_devices&quot;:[&quot;desktop&quot;,&quot;tablet&quot;,&quot;mobile&quot;]}\" data-widget_type=\"image.default\">\n\t\t\t\t\t\t\t\t\t\t\t\t\t\t\t<img fetchpriority=\"high\" decoding=\"async\" width=\"1024\" height=\"692\" src=\"https:\/\/kocbek.si\/wp-content\/uploads\/xstore\/xstore-placeholder-1024x1024.png\" class=\"attachment-large size-large wp-image-9349 lazyload lazyload-simple et-lazyload-fadeIn\" alt=\"\" sizes=\"(max-width: 1024px) 100vw, 1024px\" data-src=\"https:\/\/kocbek.si\/wp-content\/uploads\/2025\/12\/kocbek-zgodovina-buc-e1768564693272-1024x692.jpg\" data-srcset=\"https:\/\/kocbek.si\/wp-content\/uploads\/2025\/12\/kocbek-zgodovina-buc-e1768564693272-1024x692.jpg 1024w, https:\/\/kocbek.si\/wp-content\/uploads\/2025\/12\/kocbek-zgodovina-buc-e1768564693272-300x203.jpg 300w, https:\/\/kocbek.si\/wp-content\/uploads\/2025\/12\/kocbek-zgodovina-buc-e1768564693272-600x405.jpg 600w, https:\/\/kocbek.si\/wp-content\/uploads\/2025\/12\/kocbek-zgodovina-buc-e1768564693272-768x519.jpg 768w, https:\/\/kocbek.si\/wp-content\/uploads\/2025\/12\/kocbek-zgodovina-buc-e1768564693272-10x7.jpg 10w, https:\/\/kocbek.si\/wp-content\/uploads\/2025\/12\/kocbek-zgodovina-buc-e1768564693272.jpg 1100w\" \/>\t\t\t\t\t\t\t\t\t\t\t\t\t\t\t<\/div>\n\t\t\t\t<\/div>\n\t\t\t\t<\/div>\n\t\t<div class=\"elementor-element elementor-element-101fedb e-con-full e-flex e-con e-parent\" data-id=\"101fedb\" data-element_type=\"container\" data-e-type=\"container\" data-settings=\"{&quot;background_background&quot;:&quot;classic&quot;}\">\n\t\t<div class=\"elementor-element elementor-element-f81c51d e-con-full e-flex e-con e-child\" data-id=\"f81c51d\" data-element_type=\"container\" data-e-type=\"container\" data-settings=\"{&quot;background_background&quot;:&quot;classic&quot;}\">\n\t\t\t\t<div class=\"elementor-element elementor-element-13b7346 etheme-elementor-widget-loaded elementor-widget elementor-widget-image\" data-id=\"13b7346\" data-element_type=\"widget\" data-e-type=\"widget\" data-settings=\"{&quot;motion_fx_motion_fx_scrolling&quot;:&quot;yes&quot;,&quot;motion_fx_translateY_effect&quot;:&quot;yes&quot;,&quot;motion_fx_translateY_speed&quot;:{&quot;unit&quot;:&quot;px&quot;,&quot;size&quot;:4,&quot;sizes&quot;:[]},&quot;motion_fx_translateY_affectedRange&quot;:{&quot;unit&quot;:&quot;%&quot;,&quot;size&quot;:&quot;&quot;,&quot;sizes&quot;:{&quot;start&quot;:0,&quot;end&quot;:100}},&quot;motion_fx_devices&quot;:[&quot;desktop&quot;,&quot;tablet&quot;,&quot;mobile&quot;]}\" data-widget_type=\"image.default\">\n\t\t\t\t\t\t\t\t\t\t\t\t\t\t\t<img decoding=\"async\" width=\"1024\" height=\"692\" src=\"https:\/\/kocbek.si\/wp-content\/uploads\/xstore\/xstore-placeholder-1024x1024.png\" class=\"attachment-large size-large wp-image-9350 lazyload lazyload-simple et-lazyload-fadeIn\" alt=\"\" sizes=\"(max-width: 1024px) 100vw, 1024px\" data-src=\"https:\/\/kocbek.si\/wp-content\/uploads\/2025\/12\/kocbek-o-bucah-1024x692.jpg\" data-srcset=\"https:\/\/kocbek.si\/wp-content\/uploads\/2025\/12\/kocbek-o-bucah-1024x692.jpg 1024w, https:\/\/kocbek.si\/wp-content\/uploads\/2025\/12\/kocbek-o-bucah-300x203.jpg 300w, https:\/\/kocbek.si\/wp-content\/uploads\/2025\/12\/kocbek-o-bucah-600x405.jpg 600w, https:\/\/kocbek.si\/wp-content\/uploads\/2025\/12\/kocbek-o-bucah-768x519.jpg 768w, https:\/\/kocbek.si\/wp-content\/uploads\/2025\/12\/kocbek-o-bucah-1x1.jpg 1w, https:\/\/kocbek.si\/wp-content\/uploads\/2025\/12\/kocbek-o-bucah-10x7.jpg 10w, https:\/\/kocbek.si\/wp-content\/uploads\/2025\/12\/kocbek-o-bucah.jpg 1100w\" \/>\t\t\t\t\t\t\t\t\t\t\t\t\t\t\t<\/div>\n\t\t\t\t<\/div>\n\t\t<div class=\"elementor-element elementor-element-0b62805 e-con-full e-flex e-con e-child\" data-id=\"0b62805\" data-element_type=\"container\" data-e-type=\"container\" data-settings=\"{&quot;background_background&quot;:&quot;classic&quot;}\">\n\t\t\t\t<div class=\"elementor-element elementor-element-c665209 elementor-widget elementor-widget-heading\" data-id=\"c665209\" data-element_type=\"widget\" data-e-type=\"widget\" data-widget_type=\"heading.default\">\n\t\t\t\t\t<p class=\"elementor-heading-title elementor-size-default\">Oljarna Kocbek<\/p>\t\t\t\t<\/div>\n\t\t\t\t<div class=\"elementor-element elementor-element-1f7c9c4 animated-slow elementor-invisible elementor-widget elementor-widget-heading\" data-id=\"1f7c9c4\" data-element_type=\"widget\" data-e-type=\"widget\" data-settings=\"{&quot;_animation&quot;:&quot;fadeInDown&quot;}\" data-widget_type=\"heading.default\">\n\t\t\t\t\t<h2 class=\"elementor-heading-title elementor-size-default\">Bu\u010dna semena<\/h2>\t\t\t\t<\/div>\n\t\t\t\t<div class=\"elementor-element elementor-element-d8a97af elementor-widget elementor-widget-text-editor\" data-id=\"d8a97af\" data-element_type=\"widget\" data-e-type=\"widget\" data-widget_type=\"text-editor.default\">\n\t\t\t\t\t\t\t\t\t<p>Zelo so pomembni minerali, kot so <b>kalcij, \u017eelezo, magnezij in nekateri mikroelementi <\/b>(selen, cink), ter nenasi\u010dene ma\u0161\u010dobne kisline. Uspe\u0161no se uporabljajo pri zdravljenju <b>funkcijskih motenj mehurja<\/b>, \u017ee od nekdaj pa veljajo tudi za zdravilo proti \u010drevesnim zajedavcem (trakuljavosti). Po najnovej\u0161ih raziskavah je mogo\u010de z u\u010dinkovinami v pe\u0161kah zaustaviti hitro pove\u010danje prostate, poleg tega se <b>okrepi delovanje mehurja<\/b> in <b>zmanj\u0161a ti\u0161\u010danje na vodo<\/b>. S pravo\u010dasnim preventivnim u\u017eivanjem bu\u010dnih pe\u0161k lahko bistveno <b>zmanj\u0161amo \u0161tevilo operacij<\/b>.<\/p>\t\t\t\t\t\t\t\t<\/div>\n\t\t\t\t<div class=\"elementor-element elementor-element-24c3bec elementor-align-left elementor-invisible elementor-widget elementor-widget-button\" data-id=\"24c3bec\" data-element_type=\"widget\" data-e-type=\"widget\" data-settings=\"{&quot;_animation&quot;:&quot;fadeIn&quot;,&quot;_animation_delay&quot;:200}\" data-widget_type=\"button.default\">\n\t\t\t\t\t\t\t\t\t\t<a class=\"elementor-button elementor-button-link elementor-size-md\" href=\"https:\/\/kocbek.si\/shop\/\">\n\t\t\t\t\t\t<span class=\"elementor-button-content-wrapper\">\n\t\t\t\t\t\t\t\t\t<span class=\"elementor-button-text\">Poglej izdelke<\/span>\n\t\t\t\t\t<\/span>\n\t\t\t\t\t<\/a>\n\t\t\t\t\t\t\t\t<\/div>\n\t\t\t\t<\/div>\n\t\t\t\t<\/div>\n\t\t<div class=\"elementor-element elementor-element-5d5a90b e-flex e-con-boxed e-con e-parent\" data-id=\"5d5a90b\" data-element_type=\"container\" data-e-type=\"container\" data-settings=\"{&quot;background_background&quot;:&quot;classic&quot;}\">\n\t\t\t\t\t<div class=\"e-con-inner\">\n\t\t<div class=\"elementor-element elementor-element-b4db662 e-con-full e-flex e-con e-child\" data-id=\"b4db662\" data-element_type=\"container\" data-e-type=\"container\" data-settings=\"{&quot;background_background&quot;:&quot;classic&quot;}\">\n\t\t\t\t<div class=\"elementor-element elementor-element-2f1f057 elementor-invisible etheme-elementor-widget-loaded elementor-widget elementor-widget-image\" data-id=\"2f1f057\" data-element_type=\"widget\" data-e-type=\"widget\" data-settings=\"{&quot;_animation&quot;:&quot;fadeIn&quot;}\" data-widget_type=\"image.default\">\n\t\t\t\t\t\t\t\t\t\t\t\t\t\t\t<img decoding=\"async\" width=\"200\" height=\"176\" src=\"https:\/\/kocbek.si\/wp-content\/uploads\/xstore\/xstore-placeholder.png\" class=\"attachment-full size-full wp-image-7045 lazyload lazyload-simple et-lazyload-fadeIn\" alt=\"\" sizes=\"(max-width: 200px) 100vw, 200px\" data-src=\"https:\/\/kocbek.si\/wp-content\/uploads\/2025\/12\/logo-kocbek-1.png\" data-srcset=\"https:\/\/kocbek.si\/wp-content\/uploads\/2025\/12\/logo-kocbek-1.png 200w, https:\/\/kocbek.si\/wp-content\/uploads\/2025\/12\/logo-kocbek-1-1x1.png 1w, https:\/\/kocbek.si\/wp-content\/uploads\/2025\/12\/logo-kocbek-1-10x10.png 10w\" \/>\t\t\t\t\t\t\t\t\t\t\t\t\t\t\t<\/div>\n\t\t\t\t<div class=\"elementor-element elementor-element-390ba78 elementor-invisible elementor-widget elementor-widget-heading\" data-id=\"390ba78\" data-element_type=\"widget\" data-e-type=\"widget\" data-settings=\"{&quot;_animation&quot;:&quot;fadeIn&quot;}\" data-widget_type=\"heading.default\">\n\t\t\t\t\t<h2 class=\"elementor-heading-title elementor-size-default\">Bu\u010de spadajo med najstarej\u0161e zelenjadnice na svetu, saj jih najdemo \u017ee na jedilnikih starih Egip\u010danov, Kitajcev in drugih.<\/h2>\t\t\t\t<\/div>\n\t\t\t\t<\/div>\n\t\t<div class=\"elementor-element elementor-element-0f0d809 e-con-full e-flex e-con e-child\" data-id=\"0f0d809\" data-element_type=\"container\" data-e-type=\"container\" data-settings=\"{&quot;background_background&quot;:&quot;classic&quot;}\">\n\t\t\t\t<div class=\"elementor-element elementor-element-d0482dd elementor-widget elementor-widget-spacer\" data-id=\"d0482dd\" data-element_type=\"widget\" data-e-type=\"widget\" data-widget_type=\"spacer.default\">\n\t\t\t\t\t\t\t<div class=\"elementor-spacer\">\n\t\t\t<div class=\"elementor-spacer-inner\"><\/div>\n\t\t<\/div>\n\t\t\t\t\t\t<\/div>\n\t\t\t\t<\/div>\n\t\t\t\t\t<\/div>\n\t\t\t\t<\/div>\n\t\t\t\t<\/div>\n\t\t","protected":false},"excerpt":{"rendered":"<p>Oljarna Kocbek Vse o na\u0161ih bu\u010dah Kocbek Domov Oljarna Kocbek Bu\u010de skozi zgodovino Ljudje \u017ee ve\u010d stoletij vzgajamo vedno nove vrste, njihovo zdravilnost in kulinari\u010dno&#8230;<\/p>","protected":false},"author":1,"featured_media":0,"parent":0,"menu_order":0,"comment_status":"closed","ping_status":"closed","template":"elementor_header_footer","meta":{"ngg_post_thumbnail":0,"footnotes":""},"class_list":["post-9348","page","type-page","status-publish","hentry"],"yoast_head":"<!-- This site is optimized with the Yoast SEO plugin v27.4 - https:\/\/yoast.com\/product\/yoast-seo-wordpress\/ -->\n<title>O Bu\u010dah - Oljarna Kocbek<\/title>\n<meta name=\"robots\" content=\"index, follow, max-snippet:-1, max-image-preview:large, max-video-preview:-1\" \/>\n<link rel=\"canonical\" href=\"https:\/\/kocbek.si\/en\/about-butches\/\" \/>\n<meta property=\"og:locale\" content=\"en_US\" \/>\n<meta property=\"og:type\" content=\"article\" \/>\n<meta property=\"og:title\" content=\"O Bu\u010dah - Oljarna Kocbek\" \/>\n<meta property=\"og:description\" content=\"Oljarna Kocbek Vse o na\u0161ih bu\u010dah Kocbek Domov Oljarna Kocbek Bu\u010de skozi zgodovino Ljudje \u017ee ve\u010d stoletij vzgajamo vedno nove vrste, njihovo zdravilnost in kulinari\u010dno...\" \/>\n<meta property=\"og:url\" content=\"https:\/\/kocbek.si\/en\/about-butches\/\" \/>\n<meta property=\"og:site_name\" content=\"Oljarna Kocbek\" \/>\n<meta property=\"article:publisher\" content=\"https:\/\/www.facebook.com\/kocbek1929\/\" \/>\n<meta property=\"article:modified_time\" content=\"2026-02-17T18:39:19+00:00\" \/>\n<meta property=\"og:image\" content=\"https:\/\/kocbek.si\/wp-content\/uploads\/2025\/12\/kocbek-zgodovina-buc-e1768564693272-1024x692.jpg\" \/>\n<meta name=\"twitter:card\" content=\"summary_large_image\" \/>\n<meta name=\"twitter:label1\" content=\"Est. reading time\" \/>\n\t<meta name=\"twitter:data1\" content=\"1 minute\" \/>\n<script type=\"application\/ld+json\" class=\"yoast-schema-graph\">{\"@context\":\"https:\\\/\\\/schema.org\",\"@graph\":[{\"@type\":\"WebPage\",\"@id\":\"https:\\\/\\\/kocbek.si\\\/o-bucah\",\"url\":\"https:\\\/\\\/kocbek.si\\\/o-bucah\",\"name\":\"O Bu\u010dah - Oljarna Kocbek\",\"isPartOf\":{\"@id\":\"https:\\\/\\\/kocbek.si\\\/#website\"},\"primaryImageOfPage\":{\"@id\":\"https:\\\/\\\/kocbek.si\\\/o-bucah#primaryimage\"},\"image\":{\"@id\":\"https:\\\/\\\/kocbek.si\\\/o-bucah#primaryimage\"},\"thumbnailUrl\":\"https:\\\/\\\/kocbek.si\\\/wp-content\\\/uploads\\\/2025\\\/12\\\/kocbek-zgodovina-buc-e1768564693272-1024x692.jpg\",\"datePublished\":\"2025-12-19T23:22:53+00:00\",\"dateModified\":\"2026-02-17T18:39:19+00:00\",\"breadcrumb\":{\"@id\":\"https:\\\/\\\/kocbek.si\\\/o-bucah#breadcrumb\"},\"inLanguage\":\"en-US\",\"potentialAction\":[{\"@type\":\"ReadAction\",\"target\":[\"https:\\\/\\\/kocbek.si\\\/o-bucah\"]}]},{\"@type\":\"ImageObject\",\"inLanguage\":\"en-US\",\"@id\":\"https:\\\/\\\/kocbek.si\\\/o-bucah#primaryimage\",\"url\":\"https:\\\/\\\/kocbek.si\\\/wp-content\\\/uploads\\\/2025\\\/12\\\/kocbek-zgodovina-buc-e1768564693272-1024x692.jpg\",\"contentUrl\":\"https:\\\/\\\/kocbek.si\\\/wp-content\\\/uploads\\\/2025\\\/12\\\/kocbek-zgodovina-buc-e1768564693272-1024x692.jpg\"},{\"@type\":\"BreadcrumbList\",\"@id\":\"https:\\\/\\\/kocbek.si\\\/o-bucah#breadcrumb\",\"itemListElement\":[{\"@type\":\"ListItem\",\"position\":1,\"name\":\"Home\",\"item\":\"https:\\\/\\\/kocbek.si\\\/\"},{\"@type\":\"ListItem\",\"position\":2,\"name\":\"O Bu\u010dah\"}]},{\"@type\":\"WebSite\",\"@id\":\"https:\\\/\\\/kocbek.si\\\/#website\",\"url\":\"https:\\\/\\\/kocbek.si\\\/\",\"name\":\"Oljarna Kocbek\",\"description\":\"\",\"publisher\":{\"@id\":\"https:\\\/\\\/kocbek.si\\\/#organization\"},\"potentialAction\":[{\"@type\":\"SearchAction\",\"target\":{\"@type\":\"EntryPoint\",\"urlTemplate\":\"https:\\\/\\\/kocbek.si\\\/?s={search_term_string}\"},\"query-input\":{\"@type\":\"PropertyValueSpecification\",\"valueRequired\":true,\"valueName\":\"search_term_string\"}}],\"inLanguage\":\"en-US\"},{\"@type\":\"Organization\",\"@id\":\"https:\\\/\\\/kocbek.si\\\/#organization\",\"name\":\"Oljarna Kocbek\",\"url\":\"https:\\\/\\\/kocbek.si\\\/\",\"logo\":{\"@type\":\"ImageObject\",\"inLanguage\":\"en-US\",\"@id\":\"https:\\\/\\\/kocbek.si\\\/#\\\/schema\\\/logo\\\/image\\\/\",\"url\":\"https:\\\/\\\/kocbek.si\\\/wp-content\\\/uploads\\\/2025\\\/12\\\/logotip-kocbek-clack-e1765974834361.png\",\"contentUrl\":\"https:\\\/\\\/kocbek.si\\\/wp-content\\\/uploads\\\/2025\\\/12\\\/logotip-kocbek-clack-e1765974834361.png\",\"width\":240,\"height\":72,\"caption\":\"Oljarna Kocbek\"},\"image\":{\"@id\":\"https:\\\/\\\/kocbek.si\\\/#\\\/schema\\\/logo\\\/image\\\/\"},\"sameAs\":[\"https:\\\/\\\/www.facebook.com\\\/kocbek1929\\\/\"]}]}<\/script>\n<!-- \/ Yoast SEO plugin. -->","yoast_head_json":{"title":"About Pumpkins - Oljarna Kocbek","robots":{"index":"index","follow":"follow","max-snippet":"max-snippet:-1","max-image-preview":"max-image-preview:large","max-video-preview":"max-video-preview:-1"},"canonical":"https:\/\/kocbek.si\/en\/about-butches\/","og_locale":"en_US","og_type":"article","og_title":"O Bu\u010dah - Oljarna Kocbek","og_description":"Oljarna Kocbek Vse o na\u0161ih bu\u010dah Kocbek Domov Oljarna Kocbek Bu\u010de skozi zgodovino Ljudje \u017ee ve\u010d stoletij vzgajamo vedno nove vrste, njihovo zdravilnost in kulinari\u010dno...","og_url":"https:\/\/kocbek.si\/en\/about-butches\/","og_site_name":"Oljarna Kocbek","article_publisher":"https:\/\/www.facebook.com\/kocbek1929\/","article_modified_time":"2026-02-17T18:39:19+00:00","og_image":[{"url":"https:\/\/kocbek.si\/wp-content\/uploads\/2025\/12\/kocbek-zgodovina-buc-e1768564693272-1024x692.jpg","type":"","width":"","height":""}],"twitter_card":"summary_large_image","twitter_misc":{"Est. reading time":"1 minute"},"schema":{"@context":"https:\/\/schema.org","@graph":[{"@type":"WebPage","@id":"https:\/\/kocbek.si\/o-bucah","url":"https:\/\/kocbek.si\/o-bucah","name":"About Pumpkins - Oljarna Kocbek","isPartOf":{"@id":"https:\/\/kocbek.si\/#website"},"primaryImageOfPage":{"@id":"https:\/\/kocbek.si\/o-bucah#primaryimage"},"image":{"@id":"https:\/\/kocbek.si\/o-bucah#primaryimage"},"thumbnailUrl":"https:\/\/kocbek.si\/wp-content\/uploads\/2025\/12\/kocbek-zgodovina-buc-e1768564693272-1024x692.jpg","datePublished":"2025-12-19T23:22:53+00:00","dateModified":"2026-02-17T18:39:19+00:00","breadcrumb":{"@id":"https:\/\/kocbek.si\/o-bucah#breadcrumb"},"inLanguage":"en-US","potentialAction":[{"@type":"ReadAction","target":["https:\/\/kocbek.si\/o-bucah"]}]},{"@type":"ImageObject","inLanguage":"en-US","@id":"https:\/\/kocbek.si\/o-bucah#primaryimage","url":"https:\/\/kocbek.si\/wp-content\/uploads\/2025\/12\/kocbek-zgodovina-buc-e1768564693272-1024x692.jpg","contentUrl":"https:\/\/kocbek.si\/wp-content\/uploads\/2025\/12\/kocbek-zgodovina-buc-e1768564693272-1024x692.jpg"},{"@type":"BreadcrumbList","@id":"https:\/\/kocbek.si\/o-bucah#breadcrumb","itemListElement":[{"@type":"ListItem","position":1,"name":"Home","item":"https:\/\/kocbek.si\/"},{"@type":"ListItem","position":2,"name":"O Bu\u010dah"}]},{"@type":"WebSite","@id":"https:\/\/kocbek.si\/#website","url":"https:\/\/kocbek.si\/","name":"Kocbek Oil Mill","description":"","publisher":{"@id":"https:\/\/kocbek.si\/#organization"},"potentialAction":[{"@type":"SearchAction","target":{"@type":"EntryPoint","urlTemplate":"https:\/\/kocbek.si\/?s={search_term_string}"},"query-input":{"@type":"PropertyValueSpecification","valueRequired":true,"valueName":"search_term_string"}}],"inLanguage":"en-US"},{"@type":"Organization","@id":"https:\/\/kocbek.si\/#organization","name":"Kocbek Oil Mill","url":"https:\/\/kocbek.si\/","logo":{"@type":"ImageObject","inLanguage":"en-US","@id":"https:\/\/kocbek.si\/#\/schema\/logo\/image\/","url":"https:\/\/kocbek.si\/wp-content\/uploads\/2025\/12\/logotip-kocbek-clack-e1765974834361.png","contentUrl":"https:\/\/kocbek.si\/wp-content\/uploads\/2025\/12\/logotip-kocbek-clack-e1765974834361.png","width":240,"height":72,"caption":"Oljarna Kocbek"},"image":{"@id":"https:\/\/kocbek.si\/#\/schema\/logo\/image\/"},"sameAs":["https:\/\/www.facebook.com\/kocbek1929\/"]}]}},"_links":{"self":[{"href":"https:\/\/kocbek.si\/en\/wp-json\/wp\/v2\/pages\/9348","targetHints":{"allow":["GET"]}}],"collection":[{"href":"https:\/\/kocbek.si\/en\/wp-json\/wp\/v2\/pages"}],"about":[{"href":"https:\/\/kocbek.si\/en\/wp-json\/wp\/v2\/types\/page"}],"author":[{"embeddable":true,"href":"https:\/\/kocbek.si\/en\/wp-json\/wp\/v2\/users\/1"}],"replies":[{"embeddable":true,"href":"https:\/\/kocbek.si\/en\/wp-json\/wp\/v2\/comments?post=9348"}],"version-history":[{"count":2,"href":"https:\/\/kocbek.si\/en\/wp-json\/wp\/v2\/pages\/9348\/revisions"}],"predecessor-version":[{"id":14571,"href":"https:\/\/kocbek.si\/en\/wp-json\/wp\/v2\/pages\/9348\/revisions\/14571"}],"wp:attachment":[{"href":"https:\/\/kocbek.si\/en\/wp-json\/wp\/v2\/media?parent=9348"}],"curies":[{"name":"wp","href":"https:\/\/api.w.org\/{rel}","templated":true}]}}